{"id":100,"date":"2016-05-04T10:56:50","date_gmt":"2016-05-04T10:56:50","guid":{"rendered":"http:\/\/www.trafficart.net\/bonsolformentera\/?page_id=100"},"modified":"2019-02-27T12:35:57","modified_gmt":"2019-02-27T12:35:57","slug":"servicios","status":"publish","type":"page","link":"https:\/\/www.hotelbonsolformentera.com\/es\/servicios\/","title":{"rendered":"Servicios"},"content":{"rendered":"<p><\/p>\n<h2><strong>SERVICIOS<\/strong><\/h2>\n<ul>\n<li>Calefacci\u00f3n<\/li>\n<li>Terraza \/ balc\u00f3n<\/li>\n<li>Aire acondicionado<\/li>\n<li>Art\u00edculos de aseo gratuitos<\/li>\n<li>Minibar<\/li>\n<li>Apta para al\u00e9rgicos<\/li>\n<li>Ducha<\/li>\n<li>Secador de pelo<\/li>\n<li>Toallas<\/li>\n<li>Servicio de limpieza diario<\/li>\n<li>Habitaciones con cama de matrimonio<\/li>\n<li>Habitaciones no fumadores<\/li>\n<li>Mascotas \u2013 no se admiten<\/li>\n<li>Aparcamiento \u2013 no hay parking<\/li>\n<\/ul>\n<p><\/p>","protected":false},"excerpt":{"rendered":"<p>SERVICIOS Calefacci\u00f3n Terraza \/ balc\u00f3n Aire acondicionado Art\u00edculos de aseo gratuitos Minibar Apta para al\u00e9rgicos Ducha Secador de pelo Toallas Servicio de limpieza diario Habitaciones con cama de matrimonio Habitaciones no fumadores Mascotas \u2013 no se admiten Aparcamiento \u2013 no hay parking<\/p>\n","protected":false},"author":1,"featured_media":0,"parent":0,"menu_order":2,"comment_status":"closed","ping_status":"closed","template":"","meta":{"_acf_changed":false,"footnotes":""},"yst_prominent_words":[11],"acf":[],"_links":{"self":[{"href":"https:\/\/www.hotelbonsolformentera.com\/es\/wp-json\/wp\/v2\/pages\/100"}],"collection":[{"href":"https:\/\/www.hotelbonsolformentera.com\/es\/wp-json\/wp\/v2\/pages"}],"about":[{"href":"https:\/\/www.hotelbonsolformentera.com\/es\/wp-json\/wp\/v2\/types\/page"}],"author":[{"embeddable":true,"href":"https:\/\/www.hotelbonsolformentera.com\/es\/wp-json\/wp\/v2\/users\/1"}],"replies":[{"embeddable":true,"href":"https:\/\/www.hotelbonsolformentera.com\/es\/wp-json\/wp\/v2\/comments?post=100"}],"version-history":[{"count":29,"href":"https:\/\/www.hotelbonsolformentera.com\/es\/wp-json\/wp\/v2\/pages\/100\/revisions"}],"predecessor-version":[{"id":296,"href":"https:\/\/www.hotelbonsolformentera.com\/es\/wp-json\/wp\/v2\/pages\/100\/revisions\/296"}],"wp:attachment":[{"href":"https:\/\/www.hotelbonsolformentera.com\/es\/wp-json\/wp\/v2\/media?parent=100"}],"wp:term":[{"taxonomy":"yst_prominent_words","embeddable":true,"href":"https:\/\/www.hotelbonsolformentera.com\/es\/wp-json\/wp\/v2\/yst_prominent_words?post=100"}],"curies":[{"name":"wp","href":"https:\/\/api.w.org\/{rel}","templated":true}]}}